{"id":287,"date":"2025-05-02T09:03:50","date_gmt":"2025-05-02T07:03:50","guid":{"rendered":"https:\/\/effetto.laboratoridelbrand.eu\/?page_id=287"},"modified":"2025-07-18T09:29:23","modified_gmt":"2025-07-18T07:29:23","slug":"chi-siamo","status":"publish","type":"page","link":"https:\/\/www.effettoitaly.com\/MAR\/chi-siamo\/","title":{"rendered":"Chi Siamo"},"content":{"rendered":"\t\t<div data-elementor-type=\"wp-page\" data-elementor-id=\"287\" class=\"elementor elementor-287\" data-elementor-settings=\"{&quot;element_pack_global_tooltip_width&quot;:{&quot;unit&quot;:&quot;px&quot;,&quot;size&quot;:&quot;&quot;,&quot;sizes&quot;:[]},&quot;element_pack_global_tooltip_width_tablet&quot;:{&quot;unit&quot;:&quot;px&quot;,&quot;size&quot;:&quot;&quot;,&quot;sizes&quot;:[]},&quot;element_pack_global_tooltip_width_mobile&quot;:{&quot;unit&quot;:&quot;px&quot;,&quot;size&quot;:&quot;&quot;,&quot;sizes&quot;:[]},&quot;element_pack_global_tooltip_padding&quot;:{&quot;unit&quot;:&quot;px&quot;,&quot;top&quot;:&quot;&quot;,&quot;right&quot;:&quot;&quot;,&quot;bottom&quot;:&quot;&quot;,&quot;left&quot;:&quot;&quot;,&quot;isLinked&quot;:true},&quot;element_pack_global_tooltip_padding_tablet&quot;:{&quot;unit&quot;:&quot;px&quot;,&quot;top&quot;:&quot;&quot;,&quot;right&quot;:&quot;&quot;,&quot;bottom&quot;:&quot;&quot;,&quot;left&quot;:&quot;&quot;,&quot;isLinked&quot;:true},&quot;element_pack_global_tooltip_padding_mobile&quot;:{&quot;unit&quot;:&quot;px&quot;,&quot;top&quot;:&quot;&quot;,&quot;right&quot;:&quot;&quot;,&quot;bottom&quot;:&quot;&quot;,&quot;left&quot;:&quot;&quot;,&quot;isLinked&quot;:true},&quot;element_pack_global_tooltip_border_radius&quot;:{&quot;unit&quot;:&quot;px&quot;,&quot;top&quot;:&quot;&quot;,&quot;right&quot;:&quot;&quot;,&quot;bottom&quot;:&quot;&quot;,&quot;left&quot;:&quot;&quot;,&quot;isLinked&quot;:true},&quot;element_pack_global_tooltip_border_radius_tablet&quot;:{&quot;unit&quot;:&quot;px&quot;,&quot;top&quot;:&quot;&quot;,&quot;right&quot;:&quot;&quot;,&quot;bottom&quot;:&quot;&quot;,&quot;left&quot;:&quot;&quot;,&quot;isLinked&quot;:true},&quot;element_pack_global_tooltip_border_radius_mobile&quot;:{&quot;unit&quot;:&quot;px&quot;,&quot;top&quot;:&quot;&quot;,&quot;right&quot;:&quot;&quot;,&quot;bottom&quot;:&quot;&quot;,&quot;left&quot;:&quot;&quot;,&quot;isLinked&quot;:true}}\" data-elementor-post-type=\"page\">\n\t\t\t\t<div class=\"elementor-element elementor-element-e0a0e45 bdt-backdrop-filter-yes e-flex e-con-boxed bdt-filter-backdrop e-con e-parent\" data-id=\"e0a0e45\" data-element_type=\"container\" data-e-type=\"container\" data-settings=\"{&quot;background_background&quot;:&quot;classic&quot;}\">\n\t\t\t\t\t<div class=\"e-con-inner\">\n\t\t\t\t<div class=\"elementor-element elementor-element-f86db09 elementor-widget elementor-widget-heading\" data-id=\"f86db09\" data-element_type=\"widget\" data-e-type=\"widget\" data-widget_type=\"heading.default\">\n\t\t\t\t<div class=\"elementor-widget-container\">\n\t\t\t\t\t<h2 class=\"elementor-heading-title elementor-size-default\">Chi Siamo<\/h2>\t\t\t\t<\/div>\n\t\t\t\t<\/div>\n\t\t\t\t<div class=\"elementor-element elementor-element-02c7963 elementor-widget elementor-widget-heading\" data-id=\"02c7963\" data-element_type=\"widget\" data-e-type=\"widget\" data-widget_type=\"heading.default\">\n\t\t\t\t<div class=\"elementor-widget-container\">\n\t\t\t\t\t<h2 class=\"elementor-heading-title elementor-size-default\">Un Team specializzato al tuo Servizio!<\/h2>\t\t\t\t<\/div>\n\t\t\t\t<\/div>\n\t\t\t\t<div class=\"elementor-element elementor-element-211533b elementor-widget elementor-widget-button\" data-id=\"211533b\" data-element_type=\"widget\" data-e-type=\"widget\" data-widget_type=\"button.default\">\n\t\t\t\t<div class=\"elementor-widget-container\">\n\t\t\t\t\t\t\t\t\t<div class=\"elementor-button-wrapper\">\n\t\t\t\t\t<a class=\"elementor-button elementor-button-link elementor-size-sm\" href=\"\/richiesta-preventivo\/\">\n\t\t\t\t\t\t<span class=\"elementor-button-content-wrapper\">\n\t\t\t\t\t\t\t\t\t<span class=\"elementor-button-text\">Richiedi Preventivo<\/span>\n\t\t\t\t\t<\/span>\n\t\t\t\t\t<\/a>\n\t\t\t\t<\/div>\n\t\t\t\t\t\t\t\t<\/div>\n\t\t\t\t<\/div>\n\t\t\t\t\t<\/div>\n\t\t\t\t<\/div>\n\t\t<div class=\"elementor-element elementor-element-804bb00 e-flex e-con-boxed e-con e-parent\" data-id=\"804bb00\" data-element_type=\"container\" data-e-type=\"container\">\n\t\t\t\t\t<div class=\"e-con-inner\">\n\t\t<div class=\"elementor-element elementor-element-af1652e e-con-full e-flex e-con e-child\" data-id=\"af1652e\" data-element_type=\"container\" data-e-type=\"container\">\n\t\t\t\t<div class=\"elementor-element elementor-element-a6d8a31 elementor-widget elementor-widget-heading\" data-id=\"a6d8a31\" data-element_type=\"widget\" data-e-type=\"widget\" data-widget_type=\"heading.default\">\n\t\t\t\t<div class=\"elementor-widget-container\">\n\t\t\t\t\t<h2 class=\"elementor-heading-title elementor-size-default\">Il Team Effetto Sport<\/h2>\t\t\t\t<\/div>\n\t\t\t\t<\/div>\n\t\t\t\t<div class=\"elementor-element elementor-element-e3f59c0 elementor-widget elementor-widget-text-editor\" data-id=\"e3f59c0\" data-element_type=\"widget\" data-e-type=\"widget\" data-widget_type=\"text-editor.default\">\n\t\t\t\t<div class=\"elementor-widget-container\">\n\t\t\t\t\t\t\t\t\t<p>Il Team, carico e dinamico, \u00e8 composto dai\u00a0<strong>migliori operatori<\/strong>\u00a0turistici della scuola\u00a0<strong>Effetto Italy<\/strong>,\u00a0<strong>specializzati in viaggi di gruppo<\/strong> e sempre attivi sul territorio, e dai pi\u00f9 competenti <strong>professionisti dello sport:<\/strong><\/p><p><strong>Un Team vincente al tuo servizio!<\/strong><\/p>\t\t\t\t\t\t\t\t<\/div>\n\t\t\t\t<\/div>\n\t\t\t\t<\/div>\n\t\t<div class=\"elementor-element elementor-element-8b34a80 e-con-full e-flex e-con e-child\" data-id=\"8b34a80\" data-element_type=\"container\" data-e-type=\"container\">\n\t\t\t\t<div class=\"elementor-element elementor-element-c82acc3 bdt-reveal-preload bdt-reveal-effects-yes elementor-widget elementor-widget-image\" data-id=\"c82acc3\" data-element_type=\"widget\" data-e-type=\"widget\" data-settings=\"{&quot;element_pack_reveal_effects_enable&quot;:&quot;yes&quot;,&quot;element_pack_reveal_effects_speed&quot;:{&quot;unit&quot;:&quot;px&quot;,&quot;size&quot;:7,&quot;sizes&quot;:[]},&quot;element_pack_reveal_effects_color&quot;:&quot;#CC1517&quot;,&quot;element_pack_reveal_effects_direction&quot;:&quot;lr&quot;,&quot;element_pack_reveal_effects_easing&quot;:&quot;easeOutQuint&quot;}\" style=\"--ep-reveal-effects-init: 0;\" data-nnn=\"#CC1517\" data-widget_type=\"image.default\">\n\t\t\t\t<div class=\"elementor-widget-container\">\n\t\t\t\t\t\t\t\t\t\t\t\t\t\t\t<img fetchpriority=\"high\" decoding=\"async\" width=\"585\" height=\"390\" src=\"https:\/\/www.effettoitaly.com\/MAR\/wp-content\/uploads\/2025\/06\/assistenza.jpg\" class=\"attachment-full size-full wp-image-620\" alt=\"\" srcset=\"https:\/\/www.effettoitaly.com\/MAR\/wp-content\/uploads\/2025\/06\/assistenza.jpg 585w, https:\/\/www.effettoitaly.com\/MAR\/wp-content\/uploads\/2025\/06\/assistenza-300x200.jpg 300w\" sizes=\"(max-width: 585px) 100vw, 585px\" \/>\t\t\t\t\t\t\t\t\t\t\t\t\t\t\t<\/div>\n\t\t\t\t<\/div>\n\t\t\t\t<\/div>\n\t\t\t\t\t<\/div>\n\t\t\t\t<\/div>\n\t\t<div class=\"elementor-element elementor-element-1b691f5 e-flex e-con-boxed e-con e-parent\" data-id=\"1b691f5\" data-element_type=\"container\" data-e-type=\"container\" data-settings=\"{&quot;background_background&quot;:&quot;classic&quot;}\">\n\t\t\t\t\t<div class=\"e-con-inner\">\n\t\t<div class=\"elementor-element elementor-element-45cafb8 e-con-full e-flex e-con e-child\" data-id=\"45cafb8\" data-element_type=\"container\" data-e-type=\"container\">\n\t\t\t\t<div class=\"elementor-element elementor-element-b27a740 bdt-reveal-preload bdt-reveal-effects-yes elementor-widget elementor-widget-image\" data-id=\"b27a740\" data-element_type=\"widget\" data-e-type=\"widget\" data-settings=\"{&quot;element_pack_reveal_effects_enable&quot;:&quot;yes&quot;,&quot;element_pack_reveal_effects_speed&quot;:{&quot;unit&quot;:&quot;px&quot;,&quot;size&quot;:7,&quot;sizes&quot;:[]},&quot;element_pack_reveal_effects_color&quot;:&quot;#CC1517&quot;,&quot;element_pack_reveal_effects_direction&quot;:&quot;lr&quot;,&quot;element_pack_reveal_effects_easing&quot;:&quot;easeOutQuint&quot;}\" style=\"--ep-reveal-effects-init: 0;\" data-nnn=\"#CC1517\" data-widget_type=\"image.default\">\n\t\t\t\t<div class=\"elementor-widget-container\">\n\t\t\t\t\t\t\t\t\t\t\t\t\t\t\t<img decoding=\"async\" width=\"1501\" height=\"1126\" src=\"https:\/\/www.effettoitaly.com\/MAR\/wp-content\/uploads\/2025\/07\/team3.jpg\" class=\"attachment-full size-full wp-image-1179\" alt=\"\" srcset=\"https:\/\/www.effettoitaly.com\/MAR\/wp-content\/uploads\/2025\/07\/team3.jpg 1501w, https:\/\/www.effettoitaly.com\/MAR\/wp-content\/uploads\/2025\/07\/team3-300x225.jpg 300w, https:\/\/www.effettoitaly.com\/MAR\/wp-content\/uploads\/2025\/07\/team3-1024x768.jpg 1024w, https:\/\/www.effettoitaly.com\/MAR\/wp-content\/uploads\/2025\/07\/team3-768x576.jpg 768w\" sizes=\"(max-width: 1501px) 100vw, 1501px\" \/>\t\t\t\t\t\t\t\t\t\t\t\t\t\t\t<\/div>\n\t\t\t\t<\/div>\n\t\t\t\t<\/div>\n\t\t<div class=\"elementor-element elementor-element-191c482 e-con-full e-flex e-con e-child\" data-id=\"191c482\" data-element_type=\"container\" data-e-type=\"container\">\n\t\t\t\t<div class=\"elementor-element elementor-element-a7f491f elementor-widget elementor-widget-heading\" data-id=\"a7f491f\" data-element_type=\"widget\" data-e-type=\"widget\" data-widget_type=\"heading.default\">\n\t\t\t\t<div class=\"elementor-widget-container\">\n\t\t\t\t\t<h2 class=\"elementor-heading-title elementor-size-default\">Unirsi al Gruppo Effetto<\/h2>\t\t\t\t<\/div>\n\t\t\t\t<\/div>\n\t\t\t\t<div class=\"elementor-element elementor-element-a980149 elementor-widget elementor-widget-text-editor\" data-id=\"a980149\" data-element_type=\"widget\" data-e-type=\"widget\" data-widget_type=\"text-editor.default\">\n\t\t\t\t<div class=\"elementor-widget-container\">\n\t\t\t\t\t\t\t\t\t<p>Il nostro Team assicura un\u2019<strong>esperienza unica<\/strong>, <b>professionalit\u00e0<\/b> impeccabile e <b>qualit\u00e0<\/b> certificata!<br \/>Il nostro gruppo, che cresce sempre pi\u00f9, ti accoglier\u00e0 e guider\u00e0 nel mondo del running e dei viaggi: dai <b>consigli dei campioni<\/b> fino all\u2019<b>assistenza turistica<\/b>, passando per le tante emozioni che ogni giorno ci scambiamo. Perch\u00e8 lo sport e il <b>running<\/b> \u00e8 anche questo: \u00e8 condivisione, \u00e8 conoscere posti e persone nuove, \u00e8 crescere spiritualmente e fisicamente in un clima di supporto. <b>\u201cLife is better when you run\u201c<\/b>, tutto il nostro Team lo sa, e ti aspetta per le prossime avventure!<\/p>\t\t\t\t\t\t\t\t<\/div>\n\t\t\t\t<\/div>\n\t\t\t\t<\/div>\n\t\t\t\t\t<\/div>\n\t\t\t\t<\/div>\n\t\t\t\t<\/div>\n\t\t","protected":false},"excerpt":{"rendered":"<p>Un Team specializzato al tuo Servizio! Richiedi Preventivo Il Team Effetto Sport Il Team, carico e dinamico, \u00e8 composto dai\u00a0migliori operatori\u00a0turistici della scuola\u00a0Effetto Italy,\u00a0specializzati in viaggi di gruppo e sempre attivi sul territorio, e dai pi\u00f9 competenti professionisti dello sport: Un Team vincente al tuo servizio! Unirsi al Gruppo Effetto Il nostro Team assicura un\u2019esperienza [&hellip;]<\/p>\n","protected":false},"author":1,"featured_media":1016,"parent":0,"menu_order":0,"comment_status":"closed","ping_status":"closed","template":"","meta":{"footnotes":""},"class_list":["post-287","page","type-page","status-publish","has-post-thumbnail","hentry"],"_links":{"self":[{"href":"https:\/\/www.effettoitaly.com\/MAR\/wp-json\/wp\/v2\/pages\/287","targetHints":{"allow":["GET"]}}],"collection":[{"href":"https:\/\/www.effettoitaly.com\/MAR\/wp-json\/wp\/v2\/pages"}],"about":[{"href":"https:\/\/www.effettoitaly.com\/MAR\/wp-json\/wp\/v2\/types\/page"}],"author":[{"embeddable":true,"href":"https:\/\/www.effettoitaly.com\/MAR\/wp-json\/wp\/v2\/users\/1"}],"replies":[{"embeddable":true,"href":"https:\/\/www.effettoitaly.com\/MAR\/wp-json\/wp\/v2\/comments?post=287"}],"version-history":[{"count":38,"href":"https:\/\/www.effettoitaly.com\/MAR\/wp-json\/wp\/v2\/pages\/287\/revisions"}],"predecessor-version":[{"id":1183,"href":"https:\/\/www.effettoitaly.com\/MAR\/wp-json\/wp\/v2\/pages\/287\/revisions\/1183"}],"wp:featuredmedia":[{"embeddable":true,"href":"https:\/\/www.effettoitaly.com\/MAR\/wp-json\/wp\/v2\/media\/1016"}],"wp:attachment":[{"href":"https:\/\/www.effettoitaly.com\/MAR\/wp-json\/wp\/v2\/media?parent=287"}],"curies":[{"name":"wp","href":"https:\/\/api.w.org\/{rel}","templated":true}]}}